{"id":1596,"date":"2025-06-18T22:49:53","date_gmt":"2025-06-18T20:49:53","guid":{"rendered":"https:\/\/www.ambbones.com\/politica-de-privacidad"},"modified":"2025-08-29T12:32:11","modified_gmt":"2025-08-29T10:32:11","slug":"politica-de-privacidad","status":"publish","type":"page","link":"https:\/\/www.ambbones.com\/es\/politica-de-privacidad","title":{"rendered":"Pol\u00edtica de privacidad"},"content":{"rendered":"\n<h2 class=\"wp-block-heading\">1. INFORMACI\u00d3N AL USUARIO <\/h2>\n\n<p>\u00bfQui\u00e9n es el responsable del tratamiento de tus datos personales?<\/p>\n\n<p>LAURA FORTUNY es el RESPONSABLE del tratamiento de los datos personales del USUARIO y le informa de que estos datos ser\u00e1n tratados de conformidad con lo establecido en el Reglamento (UE) 2016\/679, de 27 de abril (GDPR), y en la Ley Org\u00e1nica 3\/2018, de 5 de diciembre (LOPDG).<\/p>\n\n<h3 class=\"wp-block-heading\">\u00bfPara qu\u00e9 tratamos tus datos personales?<\/h3>\n\n<p>Para mantener una relaci\u00f3n comercial con el usuario. Las operaciones previstas para realizar el tratamiento son:<\/p>\n\n<ul class=\"wp-block-list\">\n<li>Env\u00edo de comunicaciones comerciales publicitarias por correo electr\u00f3nico, fax, SMS, MMS, redes sociales o cualquier otro medio electr\u00f3nico o f\u00edsico, presente o futuro, que posibilite realizar comunicaciones comerciales. Estas comunicaciones ser\u00e1n realizadas por el RESPONSABLE y estar\u00e1n relacionadas con sus productos y servicios, o con los de sus colaboradores o proveedores, con los que este haya llegado a alg\u00fan acuerdo de promoci\u00f3n. En ese caso, los terceros nunca tendr\u00e1n acceso a los datos personales.<\/li>\n\n\n\n<li>Realizar estudios de mercado y an\u00e1lisis estad\u00edsticos.<\/li>\n\n\n\n<li>Tramitar encargos, solicitudes, responder consultas o cualquier tipo de petici\u00f3n que sea realizada por el USUARIO a trav\u00e9s de cualquiera de los medios de contacto que se ponen a su disposici\u00f3n en el sitio web del RESPONSABLE.<\/li>\n\n\n\n<li>Enviar el bolet\u00edn informativo online sobre novedades, ofertas y promociones de nuestra actividad.<\/li>\n<\/ul>\n\n<h3 class=\"wp-block-heading\">\u00bfPor qu\u00e9 podemos tratar tus datos personales?<\/h3>\n\n<p>Porque el tratamiento est\u00e1 legitimado por el art\u00edculo 6 del GDPR de la siguiente manera:<\/p>\n\n<ul class=\"wp-block-list\">\n<li>Con el consentimiento del USUARIO: env\u00edo de comunicaciones comerciales y del bolet\u00edn informativo.<\/li>\n\n\n\n<li>Por inter\u00e9s leg\u00edtimo del RESPONSABLE: realizar estudios de mercado, an\u00e1lisis estad\u00edsticos, etc., y tramitar encargos, solicitudes, etc., a petici\u00f3n del USUARIO.<\/li>\n<\/ul>\n\n<h3 class=\"wp-block-heading\">\u00bfDurante cu\u00e1nto tiempo guardaremos tus datos personales?<\/h3>\n\n<p>Se conservar\u00e1n durante no m\u00e1s tiempo de lo necesario para mantener la finalidad del tratamiento o mientras existan prescripciones legales que dictaminen su custodia. Cuando ya no sean necesarias, se suprimir\u00e1n con medidas de seguridad adecuadas para garantizar la anonimizaci\u00f3n de los datos o la destrucci\u00f3n total de los mismos.<\/p>\n\n<h3 class=\"wp-block-heading\">\u00bfA qui\u00e9n facilitamos tus datos personales?<\/h3>\n\n<p>No est\u00e1 prevista ninguna comunicaci\u00f3n de datos personales a terceros, salvo que sea necesario para el desarrollo y ejecuci\u00f3n de los fines del tratamiento, a nuestros proveedores de servicios relacionados con comunicaciones, con los que el RESPONSABLE ha suscrito los contratos de confidencialidad y encargado de tratamiento exigidos por la normativa vigente de privacidad.<\/p>\n\n<h3 class=\"wp-block-heading\">\u00bfCu\u00e1les son tus derechos?<\/h3>\n\n<p>Los derechos que asisten al USUARIO son:<\/p>\n\n<ul class=\"wp-block-list\">\n<li>Derecho a presentar una reclamaci\u00f3n ante la autoridad de control ( <a href=\"https:\/\/www.aepd.es\/\" target=\"_blank\" rel=\"noreferrer noopener nofollow\">www.aepd.es<\/a> ) si considera que el tratamiento no se ajusta a la normativa vigente.<\/li>\n\n\n\n<li>Derecho a retirar su consentimiento en cualquier momento.<\/li>\n\n\n\n<li>Derecho de acceso, rectificaci\u00f3n, portabilidad y supresi\u00f3n de sus datos, y de limitaci\u00f3n u oposici\u00f3n a su tratamiento.<\/li>\n<\/ul>\n\n<h3 class=\"wp-block-heading\">Datos de contacto para ejercer tus derechos: <\/h3>\n\n<p>LAURA FORTUNY <\/p>\n\n<p>Correo electr\u00f3nico: <a href=\"mailto:info@ambbones.com\" target=\"_blank\" rel=\"noreferrer noopener\">info@ambbones.com<\/a><\/p>\n\n<p>Tel: 636841794<\/p>\n\n<p><\/p>\n\n<h2 class=\"wp-block-heading\">2. CAR\u00c1CTER OBLIGATORIO O FACULTATIVO DE LA INFORMACI\u00d3N FACILITADA POR EL USUARIO<\/h2>\n\n<p>Los USUARIOS, mediante la marcaci\u00f3n de las casillas correspondientes y la introducci\u00f3n de datos en los campos, marcados con un asterisco (*) en el formulario de contacto o presentados en formularios de descarga, aceptan expresamente y de forma libre e inequ\u00edvoca, que sus datos son necesarios para atender su petici\u00f3n, por parte del prestamista, siendo voluntaria la inclusi\u00f3n de datos. El USUARIO garantiza que los datos personales facilitados al RESPONSABLE son veraces y se hace responsable de comunicar cualquier modificaci\u00f3n de los mismos. <\/p>\n\n<p>El RESPONSABLE informa que todos los datos solicitados a trav\u00e9s del sitio web son obligatorios, puesto que son necesarios para la prestaci\u00f3n de un servicio \u00f3ptimo al USUARIO. En caso de que no se faciliten todos los datos, no se garantiza que la informaci\u00f3n y servicios facilitados se ajusten completamente a sus necesidades.<\/p>\n\n<h2 class=\"wp-block-heading\">3. MEDIDAS DE SEGURIDAD<\/h2>\n\n<p>De acuerdo con lo dispuesto en la normativa vigente en protecci\u00f3n de datos personales, el RESPONSABLE est\u00e1 cumpliendo con todas las disposiciones de las normativas GDPR y LOPDGDD para el tratamiento de los datos personales bajo su responsabilidad, y manifiesta expresamente que los principios descritos en el art\u00edculo 5 del GDPR son respetados, por lo que los datos son tratados de forma l\u00edcita, leal y limitadas a lo necesario en relaci\u00f3n con las finalidades para las que son tratadas. <\/p>\n\n<p>El RESPONSABLE garantiza que ha implementado pol\u00edticas t\u00e9cnicas y organizativas adecuadas para aplicar las medidas de seguridad establecidas por el GDPR y la LOPDGDD con el objetivo de proteger los derechos y libertades de los USUARIOS, y les ha comunicado la informaci\u00f3n adecuada para que puedan ejercerlos.<\/p>\n\n<p>Para obtener m\u00e1s informaci\u00f3n sobre las garant\u00edas de privacidad, puedes dirigirte al RESPONSABLE a trav\u00e9s de: <\/p>\n\n<p>LAURA FORTUNY, <\/p>\n\n<p>Correo electr\u00f3nico: <a href=\"mailto:info@ambbones.com\" target=\"_blank\" rel=\"noreferrer noopener\">info@ambbones.com<\/a><\/p>\n\n<p>Tel: 636841794<\/p>\n","protected":false},"excerpt":{"rendered":"<p>1. INFORMACI\u00d3N AL USUARIO \u00bfQui\u00e9n es el responsable del tratamiento de tus datos personales? LAURA FORTUNY es el RESPONSABLE del tratamiento de los datos personales del USUARIO y le informa de que estos datos ser\u00e1n tratados de conformidad con lo establecido en el Reglamento (UE) 2016\/679, de 27 de abril (GDPR), y en la Ley [&hellip;]<\/p>\n","protected":false},"author":1,"featured_media":0,"parent":0,"menu_order":0,"comment_status":"closed","ping_status":"closed","template":"","meta":{"_et_pb_use_builder":"off","_et_pb_old_content":"","_et_gb_content_width":"","footnotes":""},"class_list":["post-1596","page","type-page","status-publish","hentry"],"_links":{"self":[{"href":"https:\/\/www.ambbones.com\/es\/wp-json\/wp\/v2\/pages\/1596","targetHints":{"allow":["GET"]}}],"collection":[{"href":"https:\/\/www.ambbones.com\/es\/wp-json\/wp\/v2\/pages"}],"about":[{"href":"https:\/\/www.ambbones.com\/es\/wp-json\/wp\/v2\/types\/page"}],"author":[{"embeddable":true,"href":"https:\/\/www.ambbones.com\/es\/wp-json\/wp\/v2\/users\/1"}],"replies":[{"embeddable":true,"href":"https:\/\/www.ambbones.com\/es\/wp-json\/wp\/v2\/comments?post=1596"}],"version-history":[{"count":1,"href":"https:\/\/www.ambbones.com\/es\/wp-json\/wp\/v2\/pages\/1596\/revisions"}],"predecessor-version":[{"id":1597,"href":"https:\/\/www.ambbones.com\/es\/wp-json\/wp\/v2\/pages\/1596\/revisions\/1597"}],"wp:attachment":[{"href":"https:\/\/www.ambbones.com\/es\/wp-json\/wp\/v2\/media?parent=1596"}],"curies":[{"name":"wp","href":"https:\/\/api.w.org\/{rel}","templated":true}]}}