{"id":1600,"date":"2025-06-18T22:24:50","date_gmt":"2025-06-18T20:24:50","guid":{"rendered":"https:\/\/www.ambbones.com\/laura-fortuny"},"modified":"2025-10-14T08:44:34","modified_gmt":"2025-10-14T06:44:34","slug":"laura-fortuny","status":"publish","type":"page","link":"https:\/\/www.ambbones.com\/es\/laura-fortuny","title":{"rendered":"Laura Fortuny"},"content":{"rendered":"<p>[et_pb_section fb_built=\u00bb1&#8243; module_class=\u00bbseccio-divider\u00bb _builder_version=\u00bb4.27.4&#8243; _module_preset=\u00bb80097f95-902d-4a5f-8c1f-27302e255c07&#8243; background_color=\u00bb#8091cf\u00bb custom_padding=\u00bb0px||0px||false|false\u00bb bottom_divider_height_tablet=\u00bb\u00bb bottom_divider_height_phone=\u00bb40px\u00bb bottom_divider_height_last_edited=\u00bbon|desktop\u00bb custom_css_free_form=\u00bbselector .et_pb_bottom_inside_divider {||  z-index:10!important;||}\u00bb global_colors_info=\u00bb{}\u00bb][et_pb_row column_structure=\u00bb1_2,1_2&#8243; module_class=\u00bbrow-laura-fortuny\u00bb _builder_version=\u00bb4.27.4&#8243; _module_preset=\u00bbdefault\u00bb custom_padding=\u00bb||0px|||\u00bb custom_css_main_element=\u00bbdisplay: flex;||align-items: center;\u00bb global_colors_info=\u00bb{}\u00bb][et_pb_column type=\u00bb1_2&#8243; _builder_version=\u00bb4.27.4&#8243; _module_preset=\u00bbdefault\u00bb global_colors_info=\u00bb{}\u00bb][et_pb_text _builder_version=\u00bb4.27.4&#8243; _module_preset=\u00bbdefault\u00bb global_colors_info=\u00bb{}\u00bb]<\/p>\n<h1><span style=\"color: #fff;\">Laura Fortuny<\/span><\/h1>\n<p>Soy Laura, fisioterapeuta y oste\u00f3pata. Mallorquina de nacimiento y actualmente establecida en el Baix Pened\u00e8s, he encontrado en la fisioterapia no solo una profesi\u00f3n, sino una vocaci\u00f3n y una forma de vivir. Me apasiona acompa\u00f1ar a las personas en su camino hacia el bienestar, fomentando la conciencia corporal, la autonom\u00eda y el respeto por el mismo ritmo.[\/et_pb_text][\/et_pb_column][et_pb_column type=\u00bb1_2&#8243; _builder_version=\u00bb4.27.4&#8243; _module_preset=\u00bbdefault\u00bb global_colors_info=\u00bb{}\u00bb][et_pb_image src=\u00bbhttps:\/\/www.ambbones.com\/wp-content\/uploads\/2025\/07\/laura-fortuny-perfil.png\u00bb title_text=\u00bblaura-fortuny-perfil\u00bb _builder_version=\u00bb4.27.4&#8243; _module_preset=\u00bbdefault\u00bb max_width=\u00bb60%\u00bb global_colors_info=\u00bb{}\u00bb][\/et_pb_image][\/et_pb_column][\/et_pb_row][\/et_pb_section][et_pb_section fb_built=\u00bb1&#8243; custom_padding_last_edited=\u00bbon|desktop\u00bb module_class=\u00bbpelvis-3&#8243; _builder_version=\u00bb4.27.4&#8243; _module_preset=\u00bbdefault\u00bb background_enable_color=\u00bboff\u00bb background_image=\u00bbhttps:\/\/www.ambbones.com\/wp-content\/uploads\/2025\/07\/pelvis-ver1-groc-ambbones-laura-fortuny.svg\u00bb background_size=\u00bbcustom\u00bb background_image_width=\u00bb30%\u00bb background_image_height=\u00bb58%\u00bb background_position=\u00bbtop_left\u00bb background_horizontal_offset=\u00bb-18%\u00bb background_vertical_offset=\u00bb10%\u00bb custom_padding=\u00bb||0px||false|false\u00bb custom_padding_tablet=\u00bb||0px||false|false\u00bb custom_padding_phone=\u00bb||0px||false|false\u00bb background_last_edited=\u00bbon|phone\u00bb background_image_width_phone=\u00bb55%\u00bb background_image_height_phone=\u00bb33%\u00bb background_horizontal_offset_phone=\u00bb119%\u00bb background_vertical_offset_phone=\u00bb-5%\u00bb global_colors_info=\u00bb{}\u00bb][et_pb_row custom_padding_last_edited=\u00bbon|phone\u00bb _builder_version=\u00bb4.27.4&#8243; _module_preset=\u00bbdefault\u00bb custom_padding_tablet=\u00bb\u00bb custom_padding_phone=\u00bb0px||0px||false|false\u00bb global_colors_info=\u00bb{}\u00bb][et_pb_column type=\u00bb4_4&#8243; _builder_version=\u00bb4.27.4&#8243; _module_preset=\u00bbdefault\u00bb global_colors_info=\u00bb{}\u00bb][et_pb_text _builder_version=\u00bb4.27.4&#8243; _module_preset=\u00bbdefault\u00bb width=\u00bb80%\u00bb width_tablet=\u00bb80%\u00bb width_phone=\u00bb100%\u00bb width_last_edited=\u00bbon|phone\u00bb hover_enabled=\u00bb0&#8243; global_colors_info=\u00bb{}\u00bb sticky_enabled=\u00bb0&#8243;]<\/p>\n<h2>Formaci\u00f3n y <span class=\"text-blau\">experiencia<\/span><\/h2>\n<h3 style=\"text-align: justify;\">Movimiento natural, libre y consciente<\/h3>\n<p>Soy graduada en Fisioterapia por la Universidad Aut\u00f3noma de Barcelona y m\u00e1ster en T\u00e9cnicas Osteop\u00e1ticas por la Escuela de Osteopat\u00eda de Madrid.<\/p>\n<p>Con una clara especializaci\u00f3n en disfunciones temporomandibulares y la esfera craneocervical (bruxismo, dolor mandibular, cefaleas, calidad del sue\u00f1o, v\u00e9rtigo&#8230;), exploro la conexi\u00f3n entre esta zona y la globalidad del cuerpo.<\/p>\n<p>Desde hace a\u00f1os me he formado en diversas disciplinas relacionadas con la salud integral. Practico y promuevo el movimiento natural, la conciencia corporal y la filosof\u00eda \u201cBarefoot\u201d (calzado respetuoso o ir descalzo), integrando sus beneficios tambi\u00e9n en el deporte y la vida diaria.<\/p>\n<p>Siempre he sentido una inquietud sincera por entender el funcionamiento del cuerpo humano y ayudar a las personas a recuperar su equilibrio. Por eso ofrezco un trato cercano, personalizado y muy humano, donde cada persona se sienta escuchada, informada y respetada.<\/p>\n<p>[\/et_pb_text][et_pb_button button_url=\u00bbhttps:\/\/es.linkedin.com\/in\/laura-fortuny-borysiewicz-15180471&#8243; button_text=\u00bbCurriculum vitae\u00bb _builder_version=\u00bb4.27.4&#8243; _module_preset=\u00bbdefault\u00bb global_colors_info=\u00bb{}\u00bb][\/et_pb_button][\/et_pb_column][\/et_pb_row][\/et_pb_section][et_pb_section fb_built=\u00bb1&#8243; custom_padding_last_edited=\u00bbon|desktop\u00bb module_class=\u00bbpelvis-4&#8243; _builder_version=\u00bb4.27.4&#8243; _module_preset=\u00bbdefault\u00bb background_enable_color=\u00bboff\u00bb background_image=\u00bbhttps:\/\/www.ambbones.com\/wp-content\/uploads\/2025\/07\/pelvis-ver1-ambbones-laura-fortuny.svg\u00bb background_size=\u00bbcustom\u00bb background_image_width=\u00bb28%\u00bb background_image_height=\u00bb55%\u00bb background_position=\u00bbtop_left\u00bb background_horizontal_offset=\u00bb108%\u00bb background_vertical_offset=\u00bb0%\u00bb custom_padding=\u00bb||0px||false|false\u00bb custom_padding_tablet=\u00bb||0px||false|false\u00bb custom_padding_phone=\u00bb||0px||false|false\u00bb background_last_edited=\u00bbon|phone\u00bb background_image_width_phone=\u00bb72%\u00bb background_image_height_phone=\u00bb44%\u00bb background_horizontal_offset_phone=\u00bb119%\u00bb background_vertical_offset_phone=\u00bb0%\u00bb global_colors_info=\u00bb{}\u00bb][et_pb_row column_structure=\u00bb2_5,3_5&#8243; custom_padding_last_edited=\u00bbon|phone\u00bb _builder_version=\u00bb4.27.4&#8243; _module_preset=\u00bbdefault\u00bb custom_padding=\u00bb0px||||false|false\u00bb custom_padding_tablet=\u00bb0px||||false|false\u00bb custom_padding_phone=\u00bb0px||0px||false|false\u00bb global_colors_info=\u00bb{}\u00bb][et_pb_column type=\u00bb2_5&#8243; _builder_version=\u00bb4.27.4&#8243; _module_preset=\u00bbdefault\u00bb global_colors_info=\u00bb{}\u00bb][et_pb_image src=\u00bbhttps:\/\/www.ambbones.com\/wp-content\/uploads\/2025\/07\/Ambbones-laura-fortuny.jpg\u00bb alt=\u00bbmasaje cervical ambbones\u00bb title_text=\u00bbAmbbones-laura-fortuny\u00bb module_class=\u00bbimatge-estirada\u00bb _builder_version=\u00bb4.27.4&#8243; _module_preset=\u00bbdefault\u00bb min_height=\u00bb50vh\u00bb min_height_tablet=\u00bb50vh\u00bb min_height_phone=\u00bb50vh\u00bb min_height_last_edited=\u00bbon|phone\u00bb global_colors_info=\u00bb{}\u00bb][\/et_pb_image][\/et_pb_column][et_pb_column type=\u00bb3_5&#8243; _builder_version=\u00bb4.27.4&#8243; _module_preset=\u00bbdefault\u00bb global_colors_info=\u00bb{}\u00bb][et_pb_image src=\u00bbhttps:\/\/www.ambbones.com\/wp-content\/uploads\/2025\/07\/formacio-i-experiencia.jpg\u00bb title_text=\u00bbformaci\u00f3n-y-experiencia\u00bb force_fullwidth=\u00bbon\u00bb module_class=\u00bbimatge-estirada\u00bb _builder_version=\u00bb4.27.4&#8243; _module_preset=\u00bbdefault\u00bb max_height=\u00bb50vh\u00bb global_colors_info=\u00bb{}\u00bb][\/et_pb_image][\/et_pb_column][\/et_pb_row][\/et_pb_section][et_pb_section fb_built=\u00bb1&#8243; custom_padding_last_edited=\u00bbon|desktop\u00bb module_class=\u00bbpelvis-10&#8243; _builder_version=\u00bb4.27.4&#8243; _module_preset=\u00bbdefault\u00bb background_image=\u00bbhttps:\/\/www.ambbones.com\/wp-content\/uploads\/2025\/08\/pelvis-ver2-ambbones-laura-fortuny.svg\u00bb background_size=\u00bbcustom\u00bb background_image_width=\u00bb77%\u00bb background_image_height=\u00bb69%\u00bb background_position=\u00bbbottom_left\u00bb background_horizontal_offset=\u00bb-150%\u00bb background_vertical_offset=\u00bb23%\u00bb custom_padding=\u00bb0px||||false|false\u00bb custom_padding_tablet=\u00bb0px||||false|false\u00bb custom_padding_phone=\u00bb0px||30px||false|false\u00bb background_last_edited=\u00bbon|desktop\u00bb background_image_width_phone=\u00bb64%\u00bb background_horizontal_offset_phone=\u00bb-34%\u00bb background_vertical_offset_phone=\u00bb12%\u00bb global_colors_info=\u00bb{}\u00bb][et_pb_row custom_padding_last_edited=\u00bbon|phone\u00bb _builder_version=\u00bb4.27.4&#8243; _module_preset=\u00bbdefault\u00bb custom_padding_tablet=\u00bb\u00bb custom_padding_phone=\u00bb||0px||false|false\u00bb global_colors_info=\u00bb{}\u00bb][et_pb_column type=\u00bb4_4&#8243; _builder_version=\u00bb4.27.4&#8243; _module_preset=\u00bbdefault\u00bb global_colors_info=\u00bb{}\u00bb][et_pb_text _builder_version=\u00bb4.27.4&#8243; _module_preset=\u00bbdefault\u00bb width=\u00bb80%\u00bb width_tablet=\u00bb80%\u00bb width_phone=\u00bb100%\u00bb width_last_edited=\u00bbon|phone\u00bb hover_enabled=\u00bb0&#8243; global_colors_info=\u00bb{}\u00bb sticky_enabled=\u00bb0&#8243;]<\/p>\n<h2>Un poco m\u00e1s <span class=\"text-blau\">sobre m\u00ed<\/span><\/h2>\n<h3 style=\"text-align: justify;\">Encuentro mi impulso al aire libre<\/h3>\n<p>Soy una gran amante de la naturaleza, el senderismo y los deportes en general. Encuentro al aire libre el equilibrio y la energ\u00eda que me ayudan a vivir con plenitud y pasi\u00f3n, y esa energ\u00eda la traslado tambi\u00e9n a mi consulta.<\/p>\n<p>Me encanta descubrir nuevos caminos, desafiarme con actividades f\u00edsicas y vivir cada momento con conciencia y entusiasmo. Procuro actualizarme en cuanto a nuevos tratamientos en el mundo de la fisioterapia y tratamientos sobre el cuerpo puesto que mi profesi\u00f3n requiere de reciclaje constante para poder ofrecer la mejor atenci\u00f3n al paciente. Mi trabajo como fisioterapeuta y oste\u00f3pata no es solo una labor profesional, sino una extensi\u00f3n natural de quien soy.<\/p>\n<p>[\/et_pb_text][\/et_pb_column][\/et_pb_row][\/et_pb_section]<\/p>\n","protected":false},"excerpt":{"rendered":"<p>Laura Fortuny Soy Laura, fisioterapeuta y oste\u00f3pata. Mallorquina de nacimiento y actualmente establecida en el Baix Pened\u00e8s, he encontrado en la fisioterapia no solo una profesi\u00f3n, sino una vocaci\u00f3n y una forma de vivir. Me apasiona acompa\u00f1ar a las personas en su camino hacia el bienestar, fomentando la conciencia corporal, la autonom\u00eda y el respeto [&hellip;]<\/p>\n","protected":false},"author":1,"featured_media":0,"parent":0,"menu_order":0,"comment_status":"closed","ping_status":"closed","template":"","meta":{"_et_pb_use_builder":"on","_et_pb_old_content":"","_et_gb_content_width":"","footnotes":""},"class_list":["post-1600","page","type-page","status-publish","hentry"],"_links":{"self":[{"href":"https:\/\/www.ambbones.com\/es\/wp-json\/wp\/v2\/pages\/1600","targetHints":{"allow":["GET"]}}],"collection":[{"href":"https:\/\/www.ambbones.com\/es\/wp-json\/wp\/v2\/pages"}],"about":[{"href":"https:\/\/www.ambbones.com\/es\/wp-json\/wp\/v2\/types\/page"}],"author":[{"embeddable":true,"href":"https:\/\/www.ambbones.com\/es\/wp-json\/wp\/v2\/users\/1"}],"replies":[{"embeddable":true,"href":"https:\/\/www.ambbones.com\/es\/wp-json\/wp\/v2\/comments?post=1600"}],"version-history":[{"count":4,"href":"https:\/\/www.ambbones.com\/es\/wp-json\/wp\/v2\/pages\/1600\/revisions"}],"predecessor-version":[{"id":1705,"href":"https:\/\/www.ambbones.com\/es\/wp-json\/wp\/v2\/pages\/1600\/revisions\/1705"}],"wp:attachment":[{"href":"https:\/\/www.ambbones.com\/es\/wp-json\/wp\/v2\/media?parent=1600"}],"curies":[{"name":"wp","href":"https:\/\/api.w.org\/{rel}","templated":true}]}}