{"id":1603,"date":"2024-10-21T10:31:38","date_gmt":"2024-10-21T08:31:38","guid":{"rendered":"https:\/\/www.ambbones.com\/inicio"},"modified":"2025-08-29T13:28:34","modified_gmt":"2025-08-29T11:28:34","slug":"inicio","status":"publish","type":"page","link":"https:\/\/www.ambbones.com\/es","title":{"rendered":"Inicio"},"content":{"rendered":"<p>[et_pb_section fb_built=\u00bb1&#8243; next_background_color=\u00bb#ffffff\u00bb disabled_on=\u00bboff|off|off\u00bb module_class=\u00bbseccio-divider\u00bb _builder_version=\u00bb4.27.4&#8243; _module_preset=\u00bb80097f95-902d-4a5f-8c1f-27302e255c07&#8243; background_image=\u00bbhttps:\/\/www.ambbones.com\/wp-content\/uploads\/2025\/07\/portada-ambbones-home-v16.jpg\u00bb background_position=\u00bbcenter_left\u00bb background_horizontal_offset=\u00bb35%\u00bb min_height=\u00bb100vh\u00bb min_height_tablet=\u00bb100vh\u00bb min_height_phone=\u00bb40vh\u00bb min_height_last_edited=\u00bbon|phone\u00bb top_divider_height_tablet=\u00bb\u00bb top_divider_height_phone=\u00bb\u00bb top_divider_height_last_edited=\u00bbon|desktop\u00bb bottom_divider_style=\u00bbwave\u00bb bottom_divider_height_tablet=\u00bb\u00bb bottom_divider_height_phone=\u00bb40px\u00bb bottom_divider_height_last_edited=\u00bbon|phone\u00bb background_last_edited=\u00bbon|desktop\u00bb background_image_phone=\u00bbhttps:\/\/www.ambbones.com\/wp-content\/uploads\/2025\/08\/ambbones-home-mobile-2708.jpg\u00bb background_enable_image_phone=\u00bbon\u00bb background_horizontal_offset_phone=\u00bb28%\u00bb global_colors_info=\u00bb{}\u00bb][et_pb_row column_structure=\u00bb1_2,1_2&#8243; _builder_version=\u00bb4.27.4&#8243; _module_preset=\u00bbdefault\u00bb global_colors_info=\u00bb{}\u00bb][et_pb_column type=\u00bb1_2&#8243; _builder_version=\u00bb4.27.4&#8243; _module_preset=\u00bbdefault\u00bb global_colors_info=\u00bb{}\u00bb][\/et_pb_column][et_pb_column type=\u00bb1_2&#8243; _builder_version=\u00bb4.27.4&#8243; _module_preset=\u00bbdefault\u00bb global_colors_info=\u00bb{}\u00bb][et_pb_text _builder_version=\u00bb4.27.4&#8243; _module_preset=\u00bbdefault\u00bb header_text_align=\u00bbright\u00bb header_line_height=\u00bb0.8em\u00bb background_layout=\u00bbdark\u00bb header_font_size_tablet=\u00bb\u00bb header_font_size_phone=\u00bb50px\u00bb header_font_size_last_edited=\u00bbon|phone\u00bb global_colors_info=\u00bb{}\u00bb]<\/p>\n<h1>Bienvenidos a<\/h1>\n<h1>Amb bones<\/h1>\n<p>[\/et_pb_text][et_pb_text _builder_version=\u00bb4.27.4&#8243; _module_preset=\u00bbdefault\u00bb header_3_line_height=\u00bb1.4em\u00bb text_orientation=\u00bbright\u00bb global_colors_info=\u00bb{}\u00bb]<\/p>\n<h2 class=\"sansserif-h2\">Confianza<\/h2>\n<h2 class=\"sansserif-h2\">Fisioterapia Activa<\/h2>\n<h2 class=\"sansserif-h2\">Osteopat\u00eda<\/h2>\n<h2 class=\"sansserif-h2\">Patolog\u00edas<\/h2>\n<h2 class=\"sansserif-h2\"><strong><span class=\"text-groc\">Trato Personalizado<\/span><\/strong><\/h2>\n<p>[\/et_pb_text][\/et_pb_column][\/et_pb_row][\/et_pb_section][et_pb_section fb_built=\u00bb1&#8243; custom_padding_last_edited=\u00bbon|phone\u00bb module_class=\u00bbpelvis-1&#8243; _builder_version=\u00bb4.27.4&#8243; _module_preset=\u00bbdefault\u00bb background_enable_color=\u00bboff\u00bb background_image=\u00bbhttps:\/\/www.ambbones.com\/wp-content\/uploads\/2025\/07\/pelvis-ver1-ambbones-laura-fortuny.svg\u00bb background_size=\u00bbcustom\u00bb background_image_width=\u00bb24%\u00bb background_image_height=\u00bb65%\u00bb background_position=\u00bbtop_left\u00bb background_horizontal_offset=\u00bb-6%\u00bb background_vertical_offset=\u00bb0%\u00bb custom_padding=\u00bb||30px||false|false\u00bb custom_padding_tablet=\u00bb\u00bb custom_padding_phone=\u00bb||||false|false\u00bb background_last_edited=\u00bbon|phone\u00bb parallax_phone=\u00bboff\u00bb background_image_width_phone=\u00bb72%\u00bb background_image_height_phone=\u00bb44%\u00bb background_horizontal_offset_phone=\u00bb-35%\u00bb locked=\u00bboff\u00bb global_colors_info=\u00bb{}\u00bb][et_pb_row custom_padding_last_edited=\u00bbon|phone\u00bb _builder_version=\u00bb4.27.4&#8243; _module_preset=\u00bbdefault\u00bb custom_padding_tablet=\u00bb\u00bb custom_padding_phone=\u00bb0px||0px||false|false\u00bb global_colors_info=\u00bb{}\u00bb][et_pb_column type=\u00bb4_4&#8243; _builder_version=\u00bb4.27.4&#8243; _module_preset=\u00bbdefault\u00bb global_colors_info=\u00bb{}\u00bb][et_pb_text _builder_version=\u00bb4.27.4&#8243; _module_preset=\u00bbdefault\u00bb global_colors_info=\u00bb{}\u00bb]<\/p>\n<h2>laura <span class=\"text-blau\">fortuny<\/span><\/h2>\n<p>[\/et_pb_text][et_pb_cta button_url=\u00bbhttps:\/\/www.ambbones.com\/es\/laura-fortuny\u00bb button_text=\u00bbSABER M\u00c1S\u00bb _builder_version=\u00bb4.27.4&#8243; _module_preset=\u00bbdefault\u00bb header_level=\u00bbh2&#8243; header_font=\u00bb||||||||\u00bb header_text_color=\u00bb#232851&#8243; width=\u00bb80%\u00bb width_tablet=\u00bb80%\u00bb width_phone=\u00bb100%\u00bb width_last_edited=\u00bbon|phone\u00bb custom_padding=\u00bb0px|0px|0px|0px|false|false\u00bb global_colors_info=\u00bb{}\u00bb]<\/p>\n<p>Soy Laura Fortuny, fisioterapeuta y oste\u00f3pata apasionada por acompa\u00f1arte en tu camino hacia el bienestar. Creo firmemente en la proximidad, la escucha activa y el empoderamiento de cada persona para ser m\u00e1s consciente de su cuerpo y recuperar la autonom\u00eda en sus capacidades.<\/p>\n<p>Especializada en rehabilitaci\u00f3n craneofacial y trastornos temporomandibulares (ATM), combino t\u00e9cnicas manuales, reeducaci\u00f3n postural y educaci\u00f3n en h\u00e1bitos saludables para restablecer el equilibrio corporal. Adem\u00e1s, practico y promuevo el movimiento natural del cuerpo y el uso de calzado respetuoso, integr\u00e1ndolos al d\u00eda a d\u00eda.<\/p>\n<p>[\/et_pb_cta][\/et_pb_column][\/et_pb_row][\/et_pb_section][et_pb_section fb_built=\u00bb1&#8243; custom_padding_last_edited=\u00bbon|phone\u00bb module_class=\u00bbpelvis-2&#8243; _builder_version=\u00bb4.27.4&#8243; _module_preset=\u00bbdefault\u00bb background_enable_color=\u00bboff\u00bb background_image=\u00bbhttps:\/\/www.ambbones.com\/wp-content\/uploads\/2025\/07\/pelvis-ver1-groc-ambbones-laura-fortuny.svg\u00bb background_size=\u00bbcustom\u00bb background_image_width=\u00bb20%\u00bb background_image_height=\u00bb61%\u00bb background_position=\u00bbtop_left\u00bb background_horizontal_offset=\u00bb106%\u00bb background_vertical_offset=\u00bb8%\u00bb custom_padding=\u00bb||0px||false|false\u00bb custom_padding_tablet=\u00bb\u00bb custom_padding_phone=\u00bb0px||0px||false|false\u00bb background_last_edited=\u00bbon|phone\u00bb background_image_width_phone=\u00bb55%\u00bb background_image_height_phone=\u00bb33%\u00bb background_horizontal_offset_phone=\u00bb119%\u00bb background_vertical_offset_phone=\u00bb9%\u00bb global_colors_info=\u00bb{}\u00bb][et_pb_row _builder_version=\u00bb4.27.4&#8243; _module_preset=\u00bbdefault\u00bb custom_padding=\u00bb0px|0px|0px|0px|false|false\u00bb global_colors_info=\u00bb{}\u00bb][et_pb_column type=\u00bb4_4&#8243; _builder_version=\u00bb4.27.4&#8243; _module_preset=\u00bbdefault\u00bb global_colors_info=\u00bb{}\u00bb][et_pb_text _builder_version=\u00bb4.27.4&#8243; _module_preset=\u00bbdefault\u00bb global_colors_info=\u00bb{}\u00bb]<\/p>\n<h2>Especialidades de <span class=\"text-blau\">fisioterapia<\/span> y <span class=\"text-blau\">osteopat\u00eda<\/span><\/h2>\n<p>[\/et_pb_text][\/et_pb_column][\/et_pb_row][et_pb_row column_structure=\u00bb1_2,1_2&#8243; _builder_version=\u00bb4.27.4&#8243; _module_preset=\u00bbdefault\u00bb custom_padding=\u00bb|0px|0px|0px|false|false\u00bb global_colors_info=\u00bb{}\u00bb][et_pb_column type=\u00bb1_2&#8243; _builder_version=\u00bb4.27.4&#8243; _module_preset=\u00bbdefault\u00bb global_colors_info=\u00bb{}\u00bb][et_pb_blurb title=\u00bbRehabilitaci\u00f3n Craneofacial y Trastornos Temporomandibulares (ATM)\u00bb image=\u00bbhttps:\/\/www.ambbones.com\/wp-content\/uploads\/2025\/07\/rehabilitacio-craniofacial-i-transtorns-temporomandibulars-ambbones-laura-fortuny.jpg\u00bb image_icon_width=\u00bb70%\u00bb icon_alignment=\u00bbleft\u00bb image_icon_width_tablet=\u00bb70%\u00bb image_icon_width_phone=\u00bb100%\u00bb image_icon_width_last_edited=\u00bbon|phone\u00bb _builder_version=\u00bb4.27.4&#8243; _module_preset=\u00bbdefault\u00bb header_level=\u00bbh3&#8243; custom_padding=\u00bb||20px||false|false\u00bb custom_padding_tablet=\u00bb||20px||false|false\u00bb custom_padding_phone=\u00bb||0px||false|false\u00bb custom_padding_last_edited=\u00bbon|phone\u00bb global_colors_info=\u00bb{}\u00bb]<\/p>\n<p>Diagn\u00f3stico y tratamiento especializado de disfunciones de la ATM y patolog\u00eda asociada abordando su relaci\u00f3n con la postura y el cuerpo global. T\u00e9cnicas manuales, educaci\u00f3n y asesoramiento para restablecer el equilibrio y reducir molestias.<\/p>\n<p>[\/et_pb_blurb][\/et_pb_column][et_pb_column type=\u00bb1_2&#8243; _builder_version=\u00bb4.27.4&#8243; _module_preset=\u00bbdefault\u00bb global_colors_info=\u00bb{}\u00bb][et_pb_blurb title=\u00bbFisioterapia Musculoesquel\u00e9tica\u00bb image=\u00bbhttps:\/\/www.ambbones.com\/wp-content\/uploads\/2025\/07\/20201107-9L7A1289.jpg\u00bb image_icon_width=\u00bb70%\u00bb icon_alignment=\u00bbleft\u00bb image_icon_width_tablet=\u00bb70%\u00bb image_icon_width_phone=\u00bb100%\u00bb image_icon_width_last_edited=\u00bbon|phone\u00bb _builder_version=\u00bb4.27.4&#8243; _module_preset=\u00bbdefault\u00bb header_level=\u00bbh3&#8243; custom_padding=\u00bb||20px||false|false\u00bb custom_padding_tablet=\u00bb||20px||false|false\u00bb custom_padding_phone=\u00bb||0px||false|false\u00bb custom_padding_last_edited=\u00bbon|phone\u00bb global_colors_info=\u00bb{}\u00bb]<\/p>\n<p>Tratamientos para la recuperaci\u00f3n de la funcionalidad y la reducci\u00f3n del dolor en lesiones musculares y articulares comunes, postquir\u00fargicas o enfermedades cr\u00f3nicas. Ejercicios y t\u00e9cnicas adaptadas a cada persona para fomentar la autonom\u00eda y prevenir futuras lesiones.<\/p>\n<p>[\/et_pb_blurb][\/et_pb_column][\/et_pb_row][\/et_pb_section][et_pb_section fb_built=\u00bb1&#8243; module_class=\u00bbpelvis-11&#8243; _builder_version=\u00bb4.27.4&#8243; _module_preset=\u00bbdefault\u00bb background_image=\u00bbhttps:\/\/www.ambbones.com\/wp-content\/uploads\/2025\/08\/pelvis-ver2-ambbones-laura-fortuny.svg\u00bb background_size=\u00bbcustom\u00bb background_image_width=\u00bb21%\u00bb background_position=\u00bbtop_left\u00bb background_horizontal_offset=\u00bb-7%\u00bb custom_padding=\u00bb0px||30px||false|false\u00bb background_last_edited=\u00bbon|phone\u00bb background_image_width_phone=\u00bb72%\u00bb background_image_height_phone=\u00bb44%\u00bb background_horizontal_offset_phone=\u00bb4%\u00bb background_vertical_offset_phone=\u00bb3%\u00bb global_colors_info=\u00bb{}\u00bb][et_pb_row column_structure=\u00bb1_2,1_2&#8243; custom_padding_last_edited=\u00bbon|desktop\u00bb _builder_version=\u00bb4.27.4&#8243; _module_preset=\u00bbdefault\u00bb custom_padding_tablet=\u00bb\u00bb custom_padding_phone=\u00bb||0px||false|false\u00bb global_colors_info=\u00bb{}\u00bb][et_pb_column type=\u00bb1_2&#8243; _builder_version=\u00bb4.27.4&#8243; _module_preset=\u00bbdefault\u00bb global_colors_info=\u00bb{}\u00bb][et_pb_blurb title=\u00bbOsteopat\u00eda \u2013 Estructural, Visceral y Craneal\u00bb image=\u00bbhttps:\/\/www.ambbones.com\/wp-content\/uploads\/2025\/07\/osteopatia-estructural-visceral-i-cranial-ambbones-laura-fortuny.jpg\u00bb image_icon_width=\u00bb70%\u00bb icon_alignment=\u00bbleft\u00bb image_icon_width_tablet=\u00bb70%\u00bb image_icon_width_phone=\u00bb100%\u00bb image_icon_width_last_edited=\u00bbon|phone\u00bb _builder_version=\u00bb4.27.4&#8243; _module_preset=\u00bbdefault\u00bb header_level=\u00bbh3&#8243; custom_padding=\u00bb||20px||false|false\u00bb custom_padding_tablet=\u00bb||20px||false|false\u00bb custom_padding_phone=\u00bb||0px||false|false\u00bb custom_padding_last_edited=\u00bbon|phone\u00bb global_colors_info=\u00bb{}\u00bb]<\/p>\n<p>Enfoque global con t\u00e9cnicas articulator\u00edas y manipulativas suaves que act\u00faan sobre estructuras corporales, \u00f3rganos internos y el cr\u00e1neo, para restablecer el equilibrio, mejorar la movilidad y aliviar molestias.<\/p>\n<p>[\/et_pb_blurb][\/et_pb_column][et_pb_column type=\u00bb1_2&#8243; _builder_version=\u00bb4.27.4&#8243; _module_preset=\u00bbdefault\u00bb global_colors_info=\u00bb{}\u00bb][et_pb_blurb title=\u00bbEjercicio Terap\u00e9utico y Reeducaci\u00f3n Postural\u00bb image=\u00bbhttps:\/\/www.ambbones.com\/wp-content\/uploads\/2025\/07\/fisioterapia-musculoesqueletica-ambbones-laura-fortuny.jpg\u00bb image_icon_width=\u00bb70%\u00bb icon_alignment=\u00bbleft\u00bb image_icon_width_tablet=\u00bb70%\u00bb image_icon_width_phone=\u00bb100%\u00bb image_icon_width_last_edited=\u00bbon|phone\u00bb _builder_version=\u00bb4.27.4&#8243; _module_preset=\u00bbdefault\u00bb header_level=\u00bbh3&#8243; custom_padding=\u00bb||20px||false|false\u00bb custom_padding_tablet=\u00bb||20px||false|false\u00bb custom_padding_phone=\u00bb||0px||false|false\u00bb custom_padding_last_edited=\u00bbon|phone\u00bb global_colors_info=\u00bb{}\u00bb]<\/p>\n<p>Programas adaptados para mejorar la estabilidad, postura y conciencia corporal. Pautas de prevenci\u00f3n de lesiones y promoci\u00f3n del movimiento natural y aut\u00f3nomo.<\/p>\n<p>[\/et_pb_blurb][\/et_pb_column][\/et_pb_row][\/et_pb_section][et_pb_section fb_built=\u00bb1&#8243; custom_padding_last_edited=\u00bbon|phone\u00bb _builder_version=\u00bb4.27.4&#8243; _module_preset=\u00bbdefault\u00bb background_color=\u00bb#EAEEF5&#8243; custom_padding_tablet=\u00bb\u00bb custom_padding_phone=\u00bb20px||30px||false|false\u00bb global_colors_info=\u00bb{}\u00bb][et_pb_row custom_padding_last_edited=\u00bbon|phone\u00bb _builder_version=\u00bb4.27.4&#8243; _module_preset=\u00bbdefault\u00bb custom_padding_tablet=\u00bb\u00bb custom_padding_phone=\u00bb0px||0px||false|false\u00bb global_colors_info=\u00bb{}\u00bb][et_pb_column type=\u00bb4_4&#8243; _builder_version=\u00bb4.27.4&#8243; _module_preset=\u00bbdefault\u00bb global_colors_info=\u00bb{}\u00bb][et_pb_cta title=\u00bbContacta conmigo\u00bb button_url=\u00bbhttps:\/\/www.ambbones.com\/es\/contacto\u00bb button_text=\u00bbCont\u00e1ctame\u00bb _builder_version=\u00bb4.27.4&#8243; _module_preset=\u00bbdefault\u00bb header_level=\u00bbh2&#8243; header_font=\u00bb||||||||\u00bb header_text_color=\u00bb#232851&#8243; text_orientation=\u00bbcenter\u00bb width=\u00bb60%\u00bb width_tablet=\u00bb60%\u00bb width_phone=\u00bb100%\u00bb width_last_edited=\u00bbon|phone\u00bb module_alignment=\u00bbcenter\u00bb custom_padding=\u00bb0px|0px|0px|0px|false|false\u00bb hover_enabled=\u00bb0&#8243; global_colors_info=\u00bb{}\u00bb sticky_enabled=\u00bb0&#8243;]<\/p>\n<p>Ponte en contacto a trav\u00e9s de tel\u00e9fono, correo electr\u00f3nico o el formulario de la web, y reserva tu momento para empezar a cuidar de tu cuerpo y recuperar tu autonom\u00eda.<\/p>\n<p>[\/et_pb_cta][\/et_pb_column][\/et_pb_row][\/et_pb_section]<\/p>\n","protected":false},"excerpt":{"rendered":"<p>Bienvenidos a Amb bonesConfianza Fisioterapia Activa Osteopat\u00eda Patolog\u00edas Trato Personalizadolaura fortunySoy Laura Fortuny, fisioterapeuta y oste\u00f3pata apasionada por acompa\u00f1arte en tu camino hacia el bienestar. Creo firmemente en la proximidad, la escucha activa y el empoderamiento de cada persona para ser m\u00e1s consciente de su cuerpo y recuperar la autonom\u00eda en sus capacidades. Especializada en [&hellip;]<\/p>\n","protected":false},"author":1,"featured_media":0,"parent":0,"menu_order":0,"comment_status":"closed","ping_status":"closed","template":"","meta":{"_et_pb_use_builder":"on","_et_pb_old_content":"","_et_gb_content_width":"","footnotes":""},"class_list":["post-1603","page","type-page","status-publish","hentry"],"_links":{"self":[{"href":"https:\/\/www.ambbones.com\/es\/wp-json\/wp\/v2\/pages\/1603","targetHints":{"allow":["GET"]}}],"collection":[{"href":"https:\/\/www.ambbones.com\/es\/wp-json\/wp\/v2\/pages"}],"about":[{"href":"https:\/\/www.ambbones.com\/es\/wp-json\/wp\/v2\/types\/page"}],"author":[{"embeddable":true,"href":"https:\/\/www.ambbones.com\/es\/wp-json\/wp\/v2\/users\/1"}],"replies":[{"embeddable":true,"href":"https:\/\/www.ambbones.com\/es\/wp-json\/wp\/v2\/comments?post=1603"}],"version-history":[{"count":3,"href":"https:\/\/www.ambbones.com\/es\/wp-json\/wp\/v2\/pages\/1603\/revisions"}],"predecessor-version":[{"id":1621,"href":"https:\/\/www.ambbones.com\/es\/wp-json\/wp\/v2\/pages\/1603\/revisions\/1621"}],"wp:attachment":[{"href":"https:\/\/www.ambbones.com\/es\/wp-json\/wp\/v2\/media?parent=1603"}],"curies":[{"name":"wp","href":"https:\/\/api.w.org\/{rel}","templated":true}]}}