{"id":1607,"date":"2025-06-18T22:25:16","date_gmt":"2025-06-18T20:25:16","guid":{"rendered":"https:\/\/www.ambbones.com\/especialidades"},"modified":"2025-09-02T13:01:38","modified_gmt":"2025-09-02T11:01:38","slug":"especialidades","status":"publish","type":"page","link":"https:\/\/www.ambbones.com\/es\/especialidades","title":{"rendered":"Especialidades"},"content":{"rendered":"<p>[et_pb_section fb_built=\u00bb1&#8243; module_class=\u00bbseccio-divider\u00bb _builder_version=\u00bb4.27.4&#8243; _module_preset=\u00bb80097f95-902d-4a5f-8c1f-27302e255c07&#8243; background_color=\u00bb#8091cf\u00bb bottom_divider_height_tablet=\u00bb\u00bb bottom_divider_height_phone=\u00bb40px\u00bb bottom_divider_height_last_edited=\u00bbon|phone\u00bb global_colors_info=\u00bb{}\u00bb][et_pb_row _builder_version=\u00bb4.27.4&#8243; _module_preset=\u00bbdefault\u00bb global_colors_info=\u00bb{}\u00bb][et_pb_column type=\u00bb4_4&#8243; _builder_version=\u00bb4.27.4&#8243; _module_preset=\u00bbdefault\u00bb global_colors_info=\u00bb{}\u00bb][et_pb_text _builder_version=\u00bb4.27.4&#8243; _module_preset=\u00bbdefault\u00bb width=\u00bb60%\u00bb width_tablet=\u00bb60%\u00bb width_phone=\u00bb100%\u00bb width_last_edited=\u00bbon|phone\u00bb custom_padding=\u00bb|20px|||false|false\u00bb custom_padding_tablet=\u00bb|20px|||false|false\u00bb custom_padding_phone=\u00bb|0px|||false|false\u00bb custom_padding_last_edited=\u00bbon|phone\u00bb header_font_size_tablet=\u00bb\u00bb header_font_size_phone=\u00bb55px\u00bb header_font_size_last_edited=\u00bbon|phone\u00bb header_2_font_size_tablet=\u00bb\u00bb header_2_font_size_phone=\u00bb\u00bb header_2_font_size_last_edited=\u00bbon|phone\u00bb global_colors_info=\u00bb{}\u00bb]<\/p>\n<h1><span style=\"color: #fff;\">Especialidades<\/span><\/h1>\n<h2 class=\"sansserif-h2\">Rehabilitaci\u00f3n <span class=\"text-groc\">craneofacial<\/span> y trastornos <span class=\"text-groc\">temporomandibulares<\/span><\/h2>\n<p>Esta disciplina se centra en el diagn\u00f3stico y tratamiento de las disfunciones de la articulaci\u00f3n temporomandibular (ATM) y su interconexi\u00f3n con la postura, el cr\u00e1neo y la columna cervical. Mediante t\u00e9cnicas manuales, educaci\u00f3n postural y asesoramiento en h\u00e1bitos saludables, trabajamos para restablecer el equilibrio y funcionalidad de esta zona tan compleja y a menudo infravalorada.<\/p>\n<p>[\/et_pb_text][\/et_pb_column][\/et_pb_row][et_pb_row column_structure=\u00bb3_5,2_5&#8243; _builder_version=\u00bb4.27.4&#8243; _module_preset=\u00bbdefault\u00bb custom_padding=\u00bb0px|0px|0px|0px|false|false\u00bb global_colors_info=\u00bb{}\u00bb][et_pb_column type=\u00bb3_5&#8243; _builder_version=\u00bb4.27.4&#8243; _module_preset=\u00bbdefault\u00bb global_colors_info=\u00bb{}\u00bb][et_pb_image src=\u00bbhttps:\/\/www.ambbones.com\/wp-content\/uploads\/2025\/07\/rehabilitacio-craniofacial-i-transtorns-temporomandibulars-tensio-mandibular-ambbones-laura-fortuny.jpg\u00bb title_text=\u00bbrehabilitaci\u00f3n-craneofacial-y-transtornos-temporomandibulares-tensi\u00f3n-mandibular-ambbones-laura-fortuny\u00bb force_fullwidth=\u00bbon\u00bb module_class=\u00bbimatge-estirada\u00bb _builder_version=\u00bb4.27.4&#8243; _module_preset=\u00bbdefault\u00bb min_height=\u00bb50vh\u00bb height=\u00bb50vh\u00bb global_colors_info=\u00bb{}\u00bb][\/et_pb_image][\/et_pb_column][et_pb_column type=\u00bb2_5&#8243; _builder_version=\u00bb4.27.4&#8243; _module_preset=\u00bbdefault\u00bb global_colors_info=\u00bb{}\u00bb][et_pb_image src=\u00bbhttps:\/\/www.ambbones.com\/wp-content\/uploads\/2025\/07\/massatge-mandibular-especialitat-visceral-i-cranial-ambbones-laura-fortuny.jpg\u00bb title_text=\u00bbmasaje-mandibular-especialidad-visceral-y-craneal-ambbones-laura-fortuny\u00bb module_class=\u00bbimatge-estirada\u00bb _builder_version=\u00bb4.27.4&#8243; _module_preset=\u00bbdefault\u00bb min_height=\u00bb50vh\u00bb global_colors_info=\u00bb{}\u00bb][\/et_pb_image][\/et_pb_column][\/et_pb_row][et_pb_row _builder_version=\u00bb4.27.4&#8243; _module_preset=\u00bbdefault\u00bb global_colors_info=\u00bb{}\u00bb][et_pb_column type=\u00bb4_4&#8243; _builder_version=\u00bb4.27.4&#8243; _module_preset=\u00bbdefault\u00bb global_colors_info=\u00bb{}\u00bb][et_pb_text _builder_version=\u00bb4.27.4&#8243; _module_preset=\u00bbdefault\u00bb hover_enabled=\u00bb0&#8243; global_colors_info=\u00bb{}\u00bb sticky_enabled=\u00bb0&#8243;]<\/p>\n<p><strong>Motivos habituales de consulta:<br \/><\/strong><br \/> <strong style=\"color: #fff;\">\u2014 <\/strong>Bruxismo (apretar los dientes, tanto de d\u00eda como de noche)<br \/> <strong style=\"color: #fff;\">\u2014<\/strong> Cefaleas y migra\u00f1as de origen musculoesquel\u00e9tico<br \/> <strong style=\"color: #fff;\">\u2014<\/strong> V\u00e9rtigo o mareo relacionado con tensiones cervicales<br \/> <strong style=\"color: #fff;\">\u2014<\/strong> Dolor orofacial, mandibular o en el cuello<br \/> <strong style=\"color: #fff;\">\u2014<\/strong> Trastornos del sue\u00f1o y alteraciones de la oclusi\u00f3n dental<\/p>\n<p>[\/et_pb_text][\/et_pb_column][\/et_pb_row][\/et_pb_section][et_pb_section fb_built=\u00bb1&#8243; module_class=\u00bbpelvis-5&#8243; _builder_version=\u00bb4.27.4&#8243; _module_preset=\u00bbdefault\u00bb background_image=\u00bbhttps:\/\/www.ambbones.com\/wp-content\/uploads\/2025\/08\/pelvis-ver2-groc-ambbones-laura-fortuny.svg\u00bb background_size=\u00bbcustom\u00bb background_image_width=\u00bb19%\u00bb background_position=\u00bbtop_left\u00bb background_horizontal_offset=\u00bb-3%\u00bb background_vertical_offset=\u00bb12%\u00bb custom_padding=\u00bb||0px||false|false\u00bb background_last_edited=\u00bbon|phone\u00bb background_image_width_phone=\u00bb59%\u00bb background_horizontal_offset_phone=\u00bb-26%\u00bb background_vertical_offset_phone=\u00bb2%\u00bb global_colors_info=\u00bb{}\u00bb][et_pb_row column_structure=\u00bb3_5,2_5&#8243; custom_padding_last_edited=\u00bbon|phone\u00bb module_class=\u00bbrow-especialitats\u00bb _builder_version=\u00bb4.27.4&#8243; _module_preset=\u00bbdefault\u00bb custom_padding_tablet=\u00bb\u00bb custom_padding_phone=\u00bb0px||0px||false|false\u00bb global_colors_info=\u00bb{}\u00bb][et_pb_column type=\u00bb3_5&#8243; _builder_version=\u00bb4.27.4&#8243; _module_preset=\u00bbdefault\u00bb global_colors_info=\u00bb{}\u00bb][et_pb_text module_class=\u00bbh2-text-llarg\u00bb _builder_version=\u00bb4.27.4&#8243; _module_preset=\u00bbdefault\u00bb custom_padding=\u00bb||0px|||\u00bb global_colors_info=\u00bb{}\u00bb]<\/p>\n<h2>Rehabilitaci\u00f3n <span class=\"text-blau\">Musculoesquel\u00e9tica<\/span><\/h2>\n<p>Trabajo centrado en recuperar su funcionalidad y reducir el dolor causado por lesiones del d\u00eda a d\u00eda, deportivas, postquir\u00fargicas o enfermedades cr\u00f3nicas. Con t\u00e9cnicas manuales y ejercicios personalizados, adapto el tratamiento a las necesidades de cada persona, fomentando la autonom\u00eda y previniendo futuras lesiones.<\/p>\n<p class=\"padding-desktop\"><strong>Motivos habituales de consulta:<\/strong><\/p>\n<p class=\"padding-desktop\"> <strong>\u2014<\/strong> Lumbalgia, cervicalgia y dolores de columna vertebral<br \/>\n <strong>\u2014<\/strong> Dolor de hombro, rodilla, pie y otras extremidades<br \/>\n <strong>\u2014<\/strong> Lesiones deportivas como esguinces, tendinopat\u00edas o roturas fibrilares<br \/>\n <strong> \u2014<\/strong> Dolor postquir\u00fargico y rigidez articular<\/p>\n<p>[\/et_pb_text][\/et_pb_column][et_pb_column type=\u00bb2_5&#8243; _builder_version=\u00bb4.27.4&#8243; _module_preset=\u00bbdefault\u00bb global_colors_info=\u00bb{}\u00bb][et_pb_image src=\u00bbhttps:\/\/www.ambbones.com\/wp-content\/uploads\/2025\/07\/rehabilitacio-musculoesqueletica-especialitat-visceral-i-cranial-ambbones-laura-fortuny.jpg\u00bb title_text=\u00bbrehabilitaci\u00f3n-m\u00fasculo-esquel\u00e9tica-especialidad-visceral-y-craneal-ambbones-laura-fortuny\u00bb force_fullwidth=\u00bbon\u00bb module_class=\u00bbimatge-estirada\u00bb _builder_version=\u00bb4.27.4&#8243; _module_preset=\u00bbdefault\u00bb max_width_tablet=\u00bb60%\u00bb max_width_phone=\u00bb100%\u00bb max_width_last_edited=\u00bbon|phone\u00bb module_alignment=\u00bbright\u00bb global_colors_info=\u00bb{}\u00bb][\/et_pb_image][\/et_pb_column][\/et_pb_row][\/et_pb_section][et_pb_section fb_built=\u00bb1&#8243; module_class=\u00bbpelvis-6&#8243; _builder_version=\u00bb4.27.4&#8243; _module_preset=\u00bbdefault\u00bb background_image=\u00bbhttps:\/\/www.ambbones.com\/wp-content\/uploads\/2025\/07\/pelvis-ver1-ambbones-laura-fortuny.svg\u00bb background_size=\u00bbcustom\u00bb background_image_width=\u00bb21%\u00bb background_position=\u00bbtop_left\u00bb background_horizontal_offset=\u00bb108%\u00bb background_vertical_offset=\u00bb13%\u00bb custom_padding=\u00bb30px||0px||false|false\u00bb background_last_edited=\u00bbon|phone\u00bb background_image_width_phone=\u00bb59%\u00bb background_horizontal_offset_phone=\u00bb115%\u00bb background_vertical_offset_phone=\u00bb8%\u00bb global_colors_info=\u00bb{}\u00bb][et_pb_row column_structure=\u00bb3_5,2_5&#8243; custom_padding_last_edited=\u00bbon|desktop\u00bb module_class=\u00bbrow-especialitats\u00bb _builder_version=\u00bb4.27.4&#8243; _module_preset=\u00bbdefault\u00bb custom_padding_tablet=\u00bb\u00bb custom_padding_phone=\u00bb0px||0px||false|false\u00bb global_colors_info=\u00bb{}\u00bb][et_pb_column type=\u00bb3_5&#8243; _builder_version=\u00bb4.27.4&#8243; _module_preset=\u00bbdefault\u00bb global_colors_info=\u00bb{}\u00bb][et_pb_text _builder_version=\u00bb4.27.4&#8243; _module_preset=\u00bbdefault\u00bb global_colors_info=\u00bb{}\u00bb]<\/p>\n<h2>Osteopat\u00eda <span class=\"text-blau\">estructural<\/span>, <span class=\"text-blau\">visceral<\/span> y <span class=\"text-blau\">craneal<\/span><\/h2>\n<p>La osteopat\u00eda trabaja para restablecer el equilibrio corporal mediante t\u00e9cnicas manuales suaves que act\u00faan sobre estructuras mec\u00e1nicas (huesos, m\u00fasculos), \u00f3rganos internos y el cr\u00e1neo. Este enfoque global ayuda a mejorar la movilidad, favorecer la circulaci\u00f3n y aliviar molestias diversas.<\/p>\n<p class=\"padding-desktop\"><strong>Motivos habituales de consulta:<\/strong><\/p>\n<p class=\"padding-desktop\"> <strong>\u2014<\/strong> Dolor cr\u00f3nico de espaldas, articulaciones y extremidades<br \/>\n <strong>\u2014<\/strong> Restricciones de movilidad y tensiones corporales<br \/>\n <strong> \u2014 <\/strong>Trastornos digestivos y viscerales<br \/>\n <strong>\u2014<\/strong> Molestias relacionadas con el estr\u00e9s y el desequilibrio postural<\/p>\n<p>[\/et_pb_text][\/et_pb_column][et_pb_column type=\u00bb2_5&#8243; _builder_version=\u00bb4.27.4&#8243; _module_preset=\u00bbdefault\u00bb global_colors_info=\u00bb{}\u00bb][et_pb_image src=\u00bbhttps:\/\/www.ambbones.com\/wp-content\/uploads\/2025\/07\/osteopatia-estructural-especialitat-visceral-i-cranial-ambbones-laura-fortuny.jpg\u00bb title_text=\u00bbosteopat\u00eda-estructural-especialidad-visceral-y-craneal-ambbones-laura-fortuny\u00bb force_fullwidth=\u00bbon\u00bb module_class=\u00bbimatge-estirada\u00bb _builder_version=\u00bb4.27.4&#8243; _module_preset=\u00bbdefault\u00bb max_width_tablet=\u00bb60%\u00bb max_width_phone=\u00bb100%\u00bb max_width_last_edited=\u00bbon|phone\u00bb module_alignment=\u00bbright\u00bb global_colors_info=\u00bb{}\u00bb][\/et_pb_image][\/et_pb_column][\/et_pb_row][\/et_pb_section][et_pb_section fb_built=\u00bb1&#8243; custom_padding_last_edited=\u00bbon|phone\u00bb module_class=\u00bbpelvis-7&#8243; _builder_version=\u00bb4.27.4&#8243; _module_preset=\u00bbdefault\u00bb background_image=\u00bbhttps:\/\/www.ambbones.com\/wp-content\/uploads\/2025\/07\/pelvis-ver1-groc-ambbones-laura-fortuny.svg\u00bb background_size=\u00bbcustom\u00bb background_image_width=\u00bb56%\u00bb background_image_height=\u00bb64%\u00bb background_position=\u00bbtop_left\u00bb background_horizontal_offset=\u00bb-60%\u00bb background_vertical_offset=\u00bb11%\u00bb custom_padding=\u00bb||0px||false|false\u00bb custom_padding_tablet=\u00bb||0px||false|false\u00bb custom_padding_phone=\u00bb30px||0px||false|false\u00bb background_last_edited=\u00bbon|desktop\u00bb background_vertical_offset_phone=\u00bb-19%\u00bb global_colors_info=\u00bb{}\u00bb][et_pb_row column_structure=\u00bb3_5,2_5&#8243; custom_padding_last_edited=\u00bbon|phone\u00bb module_class=\u00bbrow-especialitats\u00bb _builder_version=\u00bb4.27.4&#8243; _module_preset=\u00bbdefault\u00bb custom_padding=\u00bb||||false|false\u00bb custom_padding_tablet=\u00bb||||false|false\u00bb custom_padding_phone=\u00bb0px||||false|false\u00bb global_colors_info=\u00bb{}\u00bb][et_pb_column type=\u00bb3_5&#8243; _builder_version=\u00bb4.27.4&#8243; _module_preset=\u00bbdefault\u00bb global_colors_info=\u00bb{}\u00bb][et_pb_text _builder_version=\u00bb4.27.4&#8243; _module_preset=\u00bbdefault\u00bb global_colors_info=\u00bb{}\u00bb]<\/p>\n<h2>Ejercicio <span class=\"text-blau\">terap\u00e9utico<\/span> y reeducaci\u00f3n <span class=\"text-blau\">postural<\/span><\/h2>\n<p>El ejercicio terap\u00e9utico y la reeducaci\u00f3n postural son clave para mejorar la estabilidad, la postura y la conciencia corporal. A trav\u00e9s de programas personalizados, adapto los ejercicios en cada caso, teniendo en cuenta las necesidades individuales, para restablecer el equilibrio muscular y prevenir lesiones. Su objetivo es fomentar un movimiento natural y aut\u00f3nomo, respetando siempre el ritmo de cada persona.<\/p>\n<p class=\"padding-desktop\"><strong>Motivos habituales de consulta:<\/strong><\/p>\n<p class=\"padding-desktop\"> <strong>\u2014<\/strong> Dolor muscular y posturales recurrentes<br \/>\n <strong>\u2014<\/strong> Inestabilidad y dificultades de movilidad funcional<br \/>\n <strong>\u2014<\/strong> Descompensaciones corporales y patrones posturales inadecuados<br \/>\n <strong>\u2014<\/strong> Limitaciones derivadas de lesiones cr\u00f3nicas o sedentarismo<\/p>\n<p>[\/et_pb_text][\/et_pb_column][et_pb_column type=\u00bb2_5&#8243; _builder_version=\u00bb4.27.4&#8243; _module_preset=\u00bbdefault\u00bb global_colors_info=\u00bb{}\u00bb][et_pb_image src=\u00bbhttps:\/\/www.ambbones.com\/wp-content\/uploads\/2025\/07\/exercici-terapeutic-i-reeducacio-postural-ambbones-laura-fortuny.jpg\u00bb title_text=\u00bbejercicio-terap\u00e9utico-y-reeducaci\u00f3n-postural-ambbones-laura-fortuny\u00bb force_fullwidth=\u00bbon\u00bb module_class=\u00bbimatge-estirada\u00bb _builder_version=\u00bb4.27.4&#8243; _module_preset=\u00bbdefault\u00bb max_width_tablet=\u00bb60%\u00bb max_width_phone=\u00bb100%\u00bb max_width_last_edited=\u00bbon|phone\u00bb module_alignment=\u00bbright\u00bb global_colors_info=\u00bb{}\u00bb][\/et_pb_image][\/et_pb_column][\/et_pb_row][\/et_pb_section]<\/p>\n","protected":false},"excerpt":{"rendered":"<p>Especialidades Rehabilitaci\u00f3n craneofacial y trastornos temporomandibulares Esta disciplina se centra en el diagn\u00f3stico y tratamiento de las disfunciones de la articulaci\u00f3n temporomandibular (ATM) y su interconexi\u00f3n con la postura, el cr\u00e1neo y la columna cervical. Mediante t\u00e9cnicas manuales, educaci\u00f3n postural y asesoramiento en h\u00e1bitos saludables, trabajamos para restablecer el equilibrio y funcionalidad de esta zona [&hellip;]<\/p>\n","protected":false},"author":1,"featured_media":0,"parent":0,"menu_order":0,"comment_status":"closed","ping_status":"closed","template":"","meta":{"_et_pb_use_builder":"on","_et_pb_old_content":"","_et_gb_content_width":"","footnotes":""},"class_list":["post-1607","page","type-page","status-publish","hentry"],"_links":{"self":[{"href":"https:\/\/www.ambbones.com\/es\/wp-json\/wp\/v2\/pages\/1607","targetHints":{"allow":["GET"]}}],"collection":[{"href":"https:\/\/www.ambbones.com\/es\/wp-json\/wp\/v2\/pages"}],"about":[{"href":"https:\/\/www.ambbones.com\/es\/wp-json\/wp\/v2\/types\/page"}],"author":[{"embeddable":true,"href":"https:\/\/www.ambbones.com\/es\/wp-json\/wp\/v2\/users\/1"}],"replies":[{"embeddable":true,"href":"https:\/\/www.ambbones.com\/es\/wp-json\/wp\/v2\/comments?post=1607"}],"version-history":[{"count":3,"href":"https:\/\/www.ambbones.com\/es\/wp-json\/wp\/v2\/pages\/1607\/revisions"}],"predecessor-version":[{"id":1636,"href":"https:\/\/www.ambbones.com\/es\/wp-json\/wp\/v2\/pages\/1607\/revisions\/1636"}],"wp:attachment":[{"href":"https:\/\/www.ambbones.com\/es\/wp-json\/wp\/v2\/media?parent=1607"}],"curies":[{"name":"wp","href":"https:\/\/api.w.org\/{rel}","templated":true}]}}