{"id":1614,"date":"2025-06-18T22:47:53","date_gmt":"2025-06-18T20:47:53","guid":{"rendered":"https:\/\/www.ambbones.com\/accessibilidad"},"modified":"2025-08-29T13:15:02","modified_gmt":"2025-08-29T11:15:02","slug":"accessibilidad","status":"publish","type":"page","link":"https:\/\/www.ambbones.com\/es\/accessibilidad","title":{"rendered":"Accessibilidad"},"content":{"rendered":"\n<p>Laura Fortuny se compromete a que el sitio <a href=\"https:\/\/www.ambbones.com\/es\">https:\/\/www.ambbones.com\/<\/a> web sea accesible para todos los usuarios, incluyendo a personas con discapacidades. Estamos comprometidos a garantizar que nuestro sitio web cumpla con las pautas de accesibilidad web de nivel AA de la WCAG 2.1.<\/p>\n\n<p><\/p>\n\n<h2 class=\"wp-block-heading\">Situaci\u00f3n de cumplimiento<\/h2>\n\n<p>Las pautas de accesibilidad para contenido web (WCAG) definen los requisitos para dise\u00f1adores y desarrolladores para mejorar la accesibilidad para personas con discapacidad. Se definen tres niveles de conformidad: Nivel A, Nivel AA y Nivel AAA. <a href=\"https:\/\/www.ambbones.com\/es\">https:\/\/www.ambbones.com\/<\/a> cumple parcialmente con WCAG 2.1 Nivel AA. Parcialmente conforme significa que algunas partes del contenido no cumplen completamente con el est\u00e1ndar de accesibilidad.<\/p>\n\n<p><\/p>\n\n<h2 class=\"wp-block-heading\">Contenido no accesible<\/h2>\n\n<p>Podr\u00edan existir documentos ofim\u00e1ticos en PDF y otros formatos que no cumplan totalmente los requisitos de accesibilidad. Puede solicitar los documentos completamente accesibles desde el formulario de contacto.<\/p>\n\n<p>Podr\u00edan existir errores de c\u00f3digo puntuales de edici\u00f3n en alguna p\u00e1gina web.<\/p>\n\n<p><\/p>\n\n<h2 class=\"wp-block-heading\">Feedback<\/h2>\n\n<p>Estamos comprometidos a seguir mejorando la accesibilidad de nuestro sitio web para garantizar que sea accesible a todo el mundo. Si tienes alguna pregunta o sugerencia, por favor cont\u00e1ctanos.<\/p>\n\n<p>Signatura: Laura Fortuny<br\/>Fecha: 04\/07\/2025<\/p>\n","protected":false},"excerpt":{"rendered":"<p>Laura Fortuny se compromete a que el sitio https:\/\/www.ambbones.com\/ web sea accesible para todos los usuarios, incluyendo a personas con discapacidades. Estamos comprometidos a garantizar que nuestro sitio web cumpla con las pautas de accesibilidad web de nivel AA de la WCAG 2.1. Situaci\u00f3n de cumplimiento Las pautas de accesibilidad para contenido web (WCAG) definen [&hellip;]<\/p>\n","protected":false},"author":1,"featured_media":0,"parent":0,"menu_order":0,"comment_status":"closed","ping_status":"closed","template":"","meta":{"_et_pb_use_builder":"off","_et_pb_old_content":"","_et_gb_content_width":"","footnotes":""},"class_list":["post-1614","page","type-page","status-publish","hentry"],"_links":{"self":[{"href":"https:\/\/www.ambbones.com\/es\/wp-json\/wp\/v2\/pages\/1614","targetHints":{"allow":["GET"]}}],"collection":[{"href":"https:\/\/www.ambbones.com\/es\/wp-json\/wp\/v2\/pages"}],"about":[{"href":"https:\/\/www.ambbones.com\/es\/wp-json\/wp\/v2\/types\/page"}],"author":[{"embeddable":true,"href":"https:\/\/www.ambbones.com\/es\/wp-json\/wp\/v2\/users\/1"}],"replies":[{"embeddable":true,"href":"https:\/\/www.ambbones.com\/es\/wp-json\/wp\/v2\/comments?post=1614"}],"version-history":[{"count":1,"href":"https:\/\/www.ambbones.com\/es\/wp-json\/wp\/v2\/pages\/1614\/revisions"}],"predecessor-version":[{"id":1615,"href":"https:\/\/www.ambbones.com\/es\/wp-json\/wp\/v2\/pages\/1614\/revisions\/1615"}],"wp:attachment":[{"href":"https:\/\/www.ambbones.com\/es\/wp-json\/wp\/v2\/media?parent=1614"}],"curies":[{"name":"wp","href":"https:\/\/api.w.org\/{rel}","templated":true}]}}